{"id":241,"date":"2024-11-05T12:40:33","date_gmt":"2024-11-05T09:40:33","guid":{"rendered":"https:\/\/solidaero.com.tr\/tr\/?page_id=241"},"modified":"2024-11-22T14:42:12","modified_gmt":"2024-11-22T11:42:12","slug":"kariyer","status":"publish","type":"page","link":"https:\/\/solidaero.com.tr\/tr\/kariyer\/","title":{"rendered":"Kariyer"},"content":{"rendered":"\t\t<div data-elementor-type=\"wp-page\" data-elementor-id=\"241\" class=\"elementor elementor-241\">\n\t\t\t\t<div class=\"elementor-element elementor-element-3749c700 e-flex e-con-boxed e-con e-parent\" data-id=\"3749c700\" data-element_type=\"container\" data-settings=\"{&quot;background_background&quot;:&quot;classic&quot;}\">\n\t\t\t\t\t<div class=\"e-con-inner\">\n\t\t<div class=\"elementor-element elementor-element-2a6747c6 e-con-full e-flex e-con e-child\" data-id=\"2a6747c6\" data-element_type=\"container\">\n\t\t\t\t<div class=\"elementor-element elementor-element-4f3d444c elementor-widget elementor-widget-image\" data-id=\"4f3d444c\" data-element_type=\"widget\" data-widget_type=\"image.default\">\n\t\t\t\t<div class=\"elementor-widget-container\">\n\t\t\t\t\t\t\t\t\t\t\t\t\t<img fetchpriority=\"high\" decoding=\"async\" width=\"394\" height=\"450\" src=\"https:\/\/solidaero.com.tr\/tr\/wp-content\/uploads\/sites\/6\/2024\/11\/LogoAsset-1.png\" class=\"attachment-large size-large wp-image-94\" alt=\"\" srcset=\"https:\/\/solidaero.com.tr\/tr\/wp-content\/uploads\/sites\/6\/2024\/11\/LogoAsset-1.png 394w, https:\/\/solidaero.com.tr\/tr\/wp-content\/uploads\/sites\/6\/2024\/11\/LogoAsset-1-263x300.png 263w\" sizes=\"(max-width: 394px) 100vw, 394px\" \/>\t\t\t\t\t\t\t\t\t\t\t\t\t<\/div>\n\t\t\t\t<\/div>\n\t\t\t\t<\/div>\n\t\t<div class=\"elementor-element elementor-element-5aa6cc8e e-con-full e-flex e-con e-child\" data-id=\"5aa6cc8e\" data-element_type=\"container\" data-settings=\"{&quot;background_background&quot;:&quot;classic&quot;}\">\n\t\t\t\t<div class=\"elementor-element elementor-element-75277e78 elementor-widget elementor-widget-heading\" data-id=\"75277e78\" data-element_type=\"widget\" data-widget_type=\"heading.default\">\n\t\t\t\t<div class=\"elementor-widget-container\">\n\t\t\t<h2 class=\"elementor-heading-title elementor-size-default\">A\u00e7\u0131k Pozisyonlar\u0131 Takip Edin<\/h2>\t\t<\/div>\n\t\t\t\t<\/div>\n\t\t\t\t<div class=\"elementor-element elementor-element-4c06b05c elementor-widget elementor-widget-text-editor\" data-id=\"4c06b05c\" data-element_type=\"widget\" data-widget_type=\"text-editor.default\">\n\t\t\t\t<div class=\"elementor-widget-container\">\n\t\t\t\t\t\t\t<p style=\"text-align: center;\">E\u011fer kariyerinizde yeni bir sayfa a\u00e7mak ve bizimle birlikte gelece\u011fe ad\u0131m atmak istiyorsan\u0131z, vizyonumuza kat\u0131lmak i\u00e7in sosyal medya hesaplar\u0131m\u0131z\u0131 takip edin. En g\u00fcncel i\u015f ilanlar\u0131m\u0131zdan haberdar olmak ve ba\u015fvuru yapmak i\u00e7in sosyal medya kanallar\u0131m\u0131z\u0131 takip edin.<\/p>\t\t\t\t\t\t<\/div>\n\t\t\t\t<\/div>\n\t\t\t\t<div class=\"elementor-element elementor-element-11ea1e60 elementor-shape-circle elementor-grid-0 e-grid-align-center elementor-widget elementor-widget-social-icons\" data-id=\"11ea1e60\" data-element_type=\"widget\" data-widget_type=\"social-icons.default\">\n\t\t\t\t<div class=\"elementor-widget-container\">\n\t\t\t\t\t<div class=\"elementor-social-icons-wrapper elementor-grid\">\n\t\t\t\t\t\t\t<span class=\"elementor-grid-item\">\n\t\t\t\t\t<a class=\"elementor-icon elementor-social-icon elementor-social-icon-linkedin elementor-repeater-item-92ee651\" target=\"_blank\">\n\t\t\t\t\t\t<span class=\"elementor-screen-only\">Linkedin<\/span>\n\t\t\t\t\t\t<svg class=\"e-font-icon-svg e-fab-linkedin\" viewBox=\"0 0 448 512\" xmlns=\"http:\/\/www.w3.org\/2000\/svg\"><path d=\"M416 32H31.9C14.3 32 0 46.5 0 64.3v383.4C0 465.5 14.3 480 31.9 480H416c17.6 0 32-14.5 32-32.3V64.3c0-17.8-14.4-32.3-32-32.3zM135.4 416H69V202.2h66.5V416zm-33.2-243c-21.3 0-38.5-17.3-38.5-38.5S80.9 96 102.2 96c21.2 0 38.5 17.3 38.5 38.5 0 21.3-17.2 38.5-38.5 38.5zm282.1 243h-66.4V312c0-24.8-.5-56.7-34.5-56.7-34.6 0-39.9 27-39.9 54.9V416h-66.4V202.2h63.7v29.2h.9c8.9-16.8 30.6-34.5 62.9-34.5 67.2 0 79.7 44.3 79.7 101.9V416z\"><\/path><\/svg>\t\t\t\t\t<\/a>\n\t\t\t\t<\/span>\n\t\t\t\t\t\t\t<span class=\"elementor-grid-item\">\n\t\t\t\t\t<a class=\"elementor-icon elementor-social-icon elementor-social-icon-x-twitter elementor-repeater-item-ca66764\" target=\"_blank\">\n\t\t\t\t\t\t<span class=\"elementor-screen-only\">X-twitter<\/span>\n\t\t\t\t\t\t<svg class=\"e-font-icon-svg e-fab-x-twitter\" viewBox=\"0 0 512 512\" xmlns=\"http:\/\/www.w3.org\/2000\/svg\"><path d=\"M389.2 48h70.6L305.6 224.2 487 464H345L233.7 318.6 106.5 464H35.8L200.7 275.5 26.8 48H172.4L272.9 180.9 389.2 48zM364.4 421.8h39.1L151.1 88h-42L364.4 421.8z\"><\/path><\/svg>\t\t\t\t\t<\/a>\n\t\t\t\t<\/span>\n\t\t\t\t\t<\/div>\n\t\t\t\t<\/div>\n\t\t\t\t<\/div>\n\t\t\t\t<\/div>\n\t\t\t\t\t<\/div>\n\t\t\t\t<\/div>\n\t\t\t\t<section class=\"elementor-section elementor-top-section elementor-element elementor-element-6c812762 elementor-section-boxed elementor-section-height-default elementor-section-height-default\" data-id=\"6c812762\" data-element_type=\"section\">\n\t\t\t\t\t\t<div class=\"elementor-container elementor-column-gap-default\">\n\t\t\t\t\t<div class=\"elementor-column elementor-col-100 elementor-top-column elementor-element elementor-element-851c534\" data-id=\"851c534\" data-element_type=\"column\">\n\t\t\t<div class=\"elementor-widget-wrap elementor-element-populated\">\n\t\t\t\t\t\t<div class=\"elementor-element elementor-element-15a207ae elementor-absolute elementor-widget__width-inherit elementor-widget elementor-widget-heading\" data-id=\"15a207ae\" data-element_type=\"widget\" data-settings=\"{&quot;_position&quot;:&quot;absolute&quot;}\" data-widget_type=\"heading.default\">\n\t\t\t\t<div class=\"elementor-widget-container\">\n\t\t\t<p class=\"elementor-heading-title elementor-size-default\">Kariyer<\/p>\t\t<\/div>\n\t\t\t\t<\/div>\n\t\t\t\t<div class=\"elementor-element elementor-element-6fbb8dc1 elementor-widget elementor-widget-elementskit-heading\" data-id=\"6fbb8dc1\" data-element_type=\"widget\" data-widget_type=\"elementskit-heading.default\">\n\t\t\t\t<div class=\"elementor-widget-container\">\n\t\t\t<div class=\"ekit-wid-con\" ><div class=\"ekit-heading elementskit-section-title-wraper text_center   ekit_heading_tablet-   ekit_heading_mobile-\"><h2 class=\"ekit-heading--title elementskit-section-title \"><span><span>Solid AERO<\/span><\/span>'nun Vizyonuna Sizde Kat\u0131l\u0131n<\/h2>\t\t\t\t<div class='ekit-heading__description'>\n\t\t\t\t\t<p>Ba\u015far\u0131ya giden yolda ilk ad\u0131m\u0131n\u0131z\u0131 at\u0131n. Kariyerinizde yeni bir sayfa a\u00e7\u0131n.<\/p>\n\t\t\t\t<\/div>\n\t\t\t<\/div><\/div>\t\t<\/div>\n\t\t\t\t<\/div>\n\t\t\t\t<section class=\"elementor-section elementor-inner-section elementor-element elementor-element-193fbb3b elementor-section-boxed elementor-section-height-default elementor-section-height-default\" data-id=\"193fbb3b\" data-element_type=\"section\">\n\t\t\t\t\t\t<div class=\"elementor-container elementor-column-gap-default\">\n\t\t\t\t\t<div class=\"elementor-column elementor-col-100 elementor-inner-column elementor-element elementor-element-7b02f9b5\" data-id=\"7b02f9b5\" data-element_type=\"column\">\n\t\t\t<div class=\"elementor-widget-wrap elementor-element-populated\">\n\t\t\t\t\t\t<div class=\"elementor-element elementor-element-2fdc7bf2 ekit-equal-height-disable elementor-widget elementor-widget-elementskit-icon-box\" data-id=\"2fdc7bf2\" data-element_type=\"widget\" data-widget_type=\"elementskit-icon-box.default\">\n\t\t\t\t<div class=\"elementor-widget-container\">\n\t\t\t<div class=\"ekit-wid-con\" >        <!-- link opening -->\n                <!-- end link opening -->\n\n        <div class=\"elementskit-infobox text-center text-center icon-top-align elementor-animation-   \">\n                    <div class=\"elementskit-box-header elementor-animation-\">\n                <div class=\"elementskit-info-box-icon  \">\n                    \n                <\/div>\n          <\/div>\n                        <div class=\"box-body\">\n                            <h3 class=\"elementskit-info-box-title\">\n                    \u0130HA Geli\u015ftirme Uzman\u0131                <\/h3>\n                        \t\t  <p>T\u00fcrkiye'nin \u00f6zg\u00fcn \u0130HA tasar\u0131mlar\u0131n\u0131 geli\u015ftiren Solid Aviation Inc. olarak ekibimizi geni\u015fletmeye devam ediyoruz. Benzersiz platformlar\u0131m\u0131z\u0131n bir par\u00e7as\u0131 olmak ve a\u015fa\u011f\u0131daki niteliklere sahip oldu\u011funuzu d\u00fc\u015f\u00fcn\u00fcyorsan\u0131z, sizi ekibimizde g\u00f6rmekten mutluluk duyar\u0131z.\n\nCV'nizle birlikte daha \u00f6nce \u00e7al\u0131\u015ft\u0131\u011f\u0131n\u0131z portf\u00f6y ve projelerinizi de eklemeyi unutmay\u0131n.<\/p>\n                                        <div class=\"box-footer disable_hover_button\">\n                    <div class=\"btn-wraper\">\n                                                            <a href=\"https:\/\/www.linkedin.com\/jobs\/view\/4062005223\/?alternateChannel=search&#038;refId=4JjHlL9Gh7bycPuQmyD3rg%3D%3D&#038;trackingId=Kg9o2bWRRwhNtYMrig0QpA%3D%3D\" target=\"_self\" rel=\"\" class=\"elementskit-btn whitespace--normal elementor-animation-\">\n                                                                                G\u00f6ster                                    <\/a>\n                                                        <\/div>\n                <\/div>\n                    <\/div>\n        \n        \n                <\/div>\n        <\/div>\t\t<\/div>\n\t\t\t\t<\/div>\n\t\t\t\t\t<\/div>\n\t\t<\/div>\n\t\t\t\t\t<\/div>\n\t\t<\/section>\n\t\t\t\t\t<\/div>\n\t\t<\/div>\n\t\t\t\t\t<\/div>\n\t\t<\/section>\n\t\t\t\t<\/div>\n\t\t","protected":false},"excerpt":{"rendered":"<p>A\u00e7\u0131k Pozisyonlar\u0131 Takip Edin E\u011fer kariyerinizde yeni bir sayfa a\u00e7mak ve bizimle birlikte gelece\u011fe ad\u0131m atmak istiyorsan\u0131z, vizyonumuza kat\u0131lmak i\u00e7in sosyal medya hesaplar\u0131m\u0131z\u0131 takip edin. En g\u00fcncel i\u015f ilanlar\u0131m\u0131zdan haberdar olmak ve ba\u015fvuru yapmak i\u00e7in sosyal medya kanallar\u0131m\u0131z\u0131 takip edin. Linkedin X-twitter Kariyer Solid AERO&#8217;nun Vizyonuna Sizde Kat\u0131l\u0131n Ba\u015far\u0131ya giden yolda ilk ad\u0131m\u0131n\u0131z\u0131 at\u0131n. Kariyerinizde [&hellip;]<\/p>\n","protected":false},"author":3,"featured_media":0,"parent":0,"menu_order":0,"comment_status":"closed","ping_status":"closed","template":"","meta":{"ocean_post_layout":"full-screen","ocean_both_sidebars_style":"","ocean_both_sidebars_content_width":0,"ocean_both_sidebars_sidebars_width":0,"ocean_sidebar":"","ocean_second_sidebar":"","ocean_disable_margins":"on","ocean_add_body_class":"","ocean_shortcode_before_top_bar":"","ocean_shortcode_after_top_bar":"","ocean_shortcode_before_header":"","ocean_shortcode_after_header":"","ocean_has_shortcode":"","ocean_shortcode_after_title":"","ocean_shortcode_before_footer_widgets":"","ocean_shortcode_after_footer_widgets":"","ocean_shortcode_before_footer_bottom":"","ocean_shortcode_after_footer_bottom":"","ocean_display_top_bar":"default","ocean_display_header":"on","ocean_header_style":"medium","ocean_center_header_left_menu":"","ocean_custom_header_template":"","ocean_custom_logo":0,"ocean_custom_retina_logo":0,"ocean_custom_logo_max_width":0,"ocean_custom_logo_tablet_max_width":0,"ocean_custom_logo_mobile_max_width":0,"ocean_custom_logo_max_height":0,"ocean_custom_logo_tablet_max_height":0,"ocean_custom_logo_mobile_max_height":0,"ocean_header_custom_menu":"","ocean_menu_typo_font_family":"","ocean_menu_typo_font_subset":"","ocean_menu_typo_font_size":0,"ocean_menu_typo_font_size_tablet":0,"ocean_menu_typo_font_size_mobile":0,"ocean_menu_typo_font_size_unit":"px","ocean_menu_typo_font_weight":"","ocean_menu_typo_font_weight_tablet":"","ocean_menu_typo_font_weight_mobile":"","ocean_menu_typo_transform":"","ocean_menu_typo_transform_tablet":"","ocean_menu_typo_transform_mobile":"","ocean_menu_typo_line_height":0,"ocean_menu_typo_line_height_tablet":0,"ocean_menu_typo_line_height_mobile":0,"ocean_menu_typo_line_height_unit":"","ocean_menu_typo_spacing":0,"ocean_menu_typo_spacing_tablet":0,"ocean_menu_typo_spacing_mobile":0,"ocean_menu_typo_spacing_unit":"","ocean_menu_link_color":"","ocean_menu_link_color_hover":"","ocean_menu_link_color_active":"","ocean_menu_link_background":"","ocean_menu_link_hover_background":"","ocean_menu_link_active_background":"","ocean_menu_social_links_bg":"","ocean_menu_social_hover_links_bg":"","ocean_menu_social_links_color":"","ocean_menu_social_hover_links_color":"","ocean_disable_title":"on","ocean_disable_heading":"default","ocean_post_title":"","ocean_post_subheading":"","ocean_post_title_style":"","ocean_post_title_background_color":"","ocean_post_title_background":0,"ocean_post_title_bg_image_position":"","ocean_post_title_bg_image_attachment":"","ocean_post_title_bg_image_repeat":"","ocean_post_title_bg_image_size":"","ocean_post_title_height":0,"ocean_post_title_bg_overlay":0.5,"ocean_post_title_bg_overlay_color":"","ocean_disable_breadcrumbs":"off","ocean_breadcrumbs_color":"","ocean_breadcrumbs_separator_color":"","ocean_breadcrumbs_links_color":"","ocean_breadcrumbs_links_hover_color":"","ocean_display_footer_widgets":"off","ocean_display_footer_bottom":"off","ocean_custom_footer_template":"","footnotes":""},"class_list":["post-241","page","type-page","status-publish","hentry","entry"],"_links":{"self":[{"href":"https:\/\/solidaero.com.tr\/tr\/wp-json\/wp\/v2\/pages\/241"}],"collection":[{"href":"https:\/\/solidaero.com.tr\/tr\/wp-json\/wp\/v2\/pages"}],"about":[{"href":"https:\/\/solidaero.com.tr\/tr\/wp-json\/wp\/v2\/types\/page"}],"author":[{"embeddable":true,"href":"https:\/\/solidaero.com.tr\/tr\/wp-json\/wp\/v2\/users\/3"}],"replies":[{"embeddable":true,"href":"https:\/\/solidaero.com.tr\/tr\/wp-json\/wp\/v2\/comments?post=241"}],"version-history":[{"count":4,"href":"https:\/\/solidaero.com.tr\/tr\/wp-json\/wp\/v2\/pages\/241\/revisions"}],"predecessor-version":[{"id":245,"href":"https:\/\/solidaero.com.tr\/tr\/wp-json\/wp\/v2\/pages\/241\/revisions\/245"}],"wp:attachment":[{"href":"https:\/\/solidaero.com.tr\/tr\/wp-json\/wp\/v2\/media?parent=241"}],"curies":[{"name":"wp","href":"https:\/\/api.w.org\/{rel}","templated":true}]}}